{"id":914,"date":"2015-10-14T10:49:37","date_gmt":"2015-10-14T08:49:37","guid":{"rendered":"https:\/\/www.mbahelp.de\/advertise\/?lang=en"},"modified":"2017-01-10T16:20:59","modified_gmt":"2017-01-10T15:20:59","slug":"advertisement","status":"publish","type":"page","link":"https:\/\/www.mbahelp.de\/en\/advertisement\/","title":{"rendered":"Advertisement"},"content":{"rendered":"<div class=\"wpb-content-wrapper\"><p>[vc_row css=&#8221;.vc_custom_1458642544957{margin-top: 48px !important;}&#8221;][vc_column width=&#8221;2\/3&#8243;][vc_column_text]<\/p>\n<h2><span lang=\"EN-GB\">Working together with universities and business schools<\/span><\/h2>\n<p>&nbsp;<\/p>\n<p><span lang=\"EN-GB\">MBAhelp successfully cooperates with many prestigious universities and business schools. The longstanding cooperation covers three areas:<\/span><\/p>\n<p><strong>GMAT-Vorbereitungsseminar<\/strong><strong><br \/>\nTOEFL- und GMAT-Vorbereitung<\/strong><\/p>\n<p>Nicht nur Business Schools sondern auch zunehmend Hochschulen verlangen den TOEFL und GMAT als Zulassungsvoraussetzung. Im Zuge der Umstellung der Studieng\u00e4nge an Hochschulen auf das Bachelor- und Mastersystem haben eine Reihe von Universit\u00e4ten den TOEFL und den GMAT als Zulassungsvoraussetzung eingef\u00fchrt. Diese Selektivit\u00e4t gilt nicht nur als Qualit\u00e4tskriterium, sondern gew\u00e4hrleistet eine bestimmte Leistungshomogenit\u00e4t unter den Studierenden.<\/p>\n<p>Um die Bewerber jedoch zu unterst\u00fctzen, bieten zahlreiche Institutionen TOEFL- und GMAT-Kurse in Zusammenarbeit mit MBAhelp an. Die von uns bei Hochschulen und Universit\u00e4ten angebotenen TOEFL- und GMAT-Vorbereitungskurse reichen von halb- oder ganzt\u00e4gigen Einf\u00fchrungsseminaren bis hin zu umfassenden Vorbereitungskursen, die jeweils bei der Institution abgehalten werden.<\/p>\n<p><strong>Pr\u00e4sentationen von Programmen<\/strong><\/p>\n<p>Zahlreiche Universit\u00e4ten und Business Schools pr\u00e4sentieren ihre Master- und MBA-Programme bei MBAhelp und erzielen dabei eine hohe Resonanz durch die Anzahl von Bewerbungen. Auch f\u00fcr individuelle Interviews machen Institutionen von unseren Konferenz- und Schulungsr\u00e4umen Gebrauch.<\/p>\n<p><strong>Newsletter und Website<\/strong><\/p>\n<p>M\u00f6chten Sie unsere zahlreichen Besucher auf Ihr Angebot aufmerksam machen? Wir bieten Ihnen die M\u00f6glichkeit, Ihre Texte und Ihre Banner auf unserer Webseite zu pr\u00e4sentieren.<\/p>\n<p>MBAhelp cooperates with a number of universities and business schools in three main areas: <strong>GMAT and TOEFL Test Preparation<\/strong><\/p>\n<p>Not only business schools but also a growing number of universities in Germany and in Europe now require the TOEFL and GMAT for their programs, especially those transitioning to the modular bachelor and master study programs. The TOEFL and GMAT serve both as a quality symbol and act as a performance indicator of students. Students will learn among equally skilled peers.<\/p>\n<p>In order to assist candidates in preparing for the GMAT and TOEFL, business schools and universities offer a wide range of TOEFL and GMAT preparation courses through MBAhelp. These courses include half-day or full-day GMAT and TOEFL introductory seminars to full preparation programs. Classes are usually held at the university or business school.<\/p>\n<p><strong>Program presentations<\/strong><\/p>\n<p>Many universities and business schools present their master and MBA study programs at MBAhelp and achieve a high success rate measured in the number of applicants. They also use our facilities for individual interviews and presentation events.<\/p>\n<p><strong>Newsletter and website<\/strong><\/p>\n<p>Would you like to attract a larger audience? Place your banner or PR-text and advertisement on our website or newsletter.<\/p>\n<p><strong data-redactor-tag=\"strong\">\u00a0<\/strong>[\/vc_column_text][\/vc_column][vc_column width=&#8221;1\/3&#8243;][\/vc_column][\/vc_row][vc_row full_width=&#8221;stretch_row&#8221; css=&#8221;.vc_custom_1458647843767{background-color: #2f9899 !important;}&#8221;][vc_column width=&#8221;2\/3&#8243;][vc_column_text]<span style=\"color: #ffffff;\">MBAhelp cooperates with a number of universities and business schools in three main areas:<\/span><\/p>\n<p><span style=\"color: #ffffff;\"><strong data-redactor-tag=\"strong\">GMAT and TOEFL Test Preparation<\/strong><\/span><\/p>\n<p><span style=\"color: #ffffff;\">Not only business schools but also a growing number of universities in Germany and in Europe now require the TOEFL and GMAT for their programs, especially those transitioning to the modular bachelor and master study programs. The TOEFL and GMAT serve both as a quality symbol and act as a performance indicator of students. Students will learn among equally skilled peers.<\/span><\/p>\n<p><span style=\"color: #ffffff;\">In order to assist candidates in preparing for the GMAT and TOEFL, business schools and universities offer a wide range of TOEFL and GMAT preparation courses through MBAhelp. These courses include half-day or full-day GMAT and TOEFL introductory seminars to full preparation programs. Classes are usually held at the university or business school.<\/span><\/p>\n<p><span style=\"color: #ffffff;\"><strong>Program presentations<\/strong><\/span><\/p>\n<p><span style=\"color: #ffffff;\">Many universities and business schools present their master and MBA study programs at MBAhelp and achieve a high success rate measured in the number of applicants. They also use our facilities for individual interviews and presentation events.<\/span><\/p>\n<p><span style=\"color: #ffffff;\"><strong>Newsletter and website<\/strong><\/span><\/p>\n<p><span style=\"color: #ffffff;\">Would you like to attract a larger audience? Place your banner or PR-text and advertisement on our website or newsletter.<\/span>[\/vc_column_text][\/vc_column][vc_column width=&#8221;1\/3&#8243;][vc_single_image image=&#8221;154&#8243; img_size=&#8221;full&#8221;][\/vc_column][\/vc_row][vc_row][vc_column width=&#8221;2\/3&#8243;]\n<div class=\"wpcf7 no-js\" id=\"wpcf7-f960-o1\" lang=\"de-DE\" dir=\"ltr\" data-wpcf7-id=\"960\">\n<div class=\"screen-reader-response\"><p role=\"status\" aria-live=\"polite\" aria-atomic=\"true\"><\/p> <ul><\/ul><\/div>\n<form action=\"\/en\/wp-json\/wp\/v2\/pages\/914#wpcf7-f960-o1\" method=\"post\" class=\"wpcf7-form init\" aria-label=\"Kontaktformular\" novalidate=\"novalidate\" data-status=\"init\">\n<fieldset class=\"hidden-fields-container\"><input type=\"hidden\" name=\"_wpcf7\" value=\"960\" \/><input type=\"hidden\" name=\"_wpcf7_version\" value=\"6.1.5\" \/><input type=\"hidden\" name=\"_wpcf7_locale\" value=\"de_DE\" \/><input type=\"hidden\" name=\"_wpcf7_unit_tag\" value=\"wpcf7-f960-o1\" \/><input type=\"hidden\" name=\"_wpcf7_container_post\" value=\"0\" \/><input type=\"hidden\" name=\"_wpcf7_posted_data_hash\" value=\"\" \/><input type=\"hidden\" name=\"_wpcf7_recaptcha_response\" value=\"\" \/>\n<\/fieldset>\n<div class=\"row\">\n\t<div class=\"col-md-6 col-sm-12 fixContactMobile\">\n\t\t<p><br \/>\n<span class=\"wpcf7-form-control-wrap\" data-name=\"Anrede\"><select class=\"wpcf7-form-control wpcf7-select wpcf7-validates-as-required\" id=\"AnredSel\" aria-required=\"true\" aria-invalid=\"false\" name=\"Anrede\"><option value=\"\">&#8211; Bitte ausw\u00e4hlen &#8211;<\/option><\/select><\/span>\n\t\t<\/p>\n\t\t\n<!-- CF7 Modules -->\n<div style='display:none;'><input type=\"hidden\" class=\"wpcf7-form-control wpcf7-hidden\" name=\"anrede-idnr\" placeholder=\"\" value=\"\" \/>\n\t\t<\/div>\n<!-- End CF7 Modules -->\n\n\t\t<p><span class=\"wpcf7-form-control-wrap\" data-name=\"your-firstname\"><input size=\"40\" maxlength=\"400\" class=\"wpcf7-form-control wpcf7-text wpcf7-validates-as-required\" aria-required=\"true\" aria-invalid=\"false\" placeholder=\"First name*\" value=\"\" type=\"text\" name=\"your-firstname\" \/><\/span>\n\t\t<\/p>\n\t\t<p><span class=\"wpcf7-form-control-wrap\" data-name=\"your-name\"><input size=\"40\" maxlength=\"400\" class=\"wpcf7-form-control wpcf7-text wpcf7-validates-as-required\" aria-required=\"true\" aria-invalid=\"false\" placeholder=\"Name*\" value=\"\" type=\"text\" name=\"your-name\" \/><\/span>\n\t\t<\/p>\n\t\t<p><span class=\"wpcf7-form-control-wrap\" data-name=\"your-email\"><input size=\"40\" maxlength=\"400\" class=\"wpcf7-form-control wpcf7-email wpcf7-validates-as-required wpcf7-text wpcf7-validates-as-email\" aria-required=\"true\" aria-invalid=\"false\" placeholder=\"Email*\" value=\"\" type=\"email\" name=\"your-email\" \/><\/span>\n\t\t<\/p>\n\t\t<p><span class=\"wpcf7-form-control-wrap\" data-name=\"your-phone\"><input size=\"40\" maxlength=\"400\" class=\"wpcf7-form-control wpcf7-text\" aria-invalid=\"false\" placeholder=\"Telephone number\" value=\"\" type=\"text\" name=\"your-phone\" \/><\/span>\n\t\t<\/p>\n\t<\/div>\n\t<div class=\"col-md-6 col-sm-12 fixContactMobile\">\n\t\t<p><br \/>\n<span class=\"wpcf7-form-control-wrap\" data-name=\"text\"><textarea cols=\"40\" rows=\"10\" maxlength=\"2000\" class=\"wpcf7-form-control wpcf7-textarea wpcf7-validates-as-required\" aria-required=\"true\" aria-invalid=\"false\" placeholder=\"Your message\" name=\"text\"><\/textarea><\/span>\n\t\t<\/p>\n\t\t<p><input class=\"wpcf7-form-control wpcf7-submit has-spinner\" type=\"submit\" value=\"Send\" \/>\n\t\t<\/p>\n\t<\/div>\n<\/div><input type='hidden' class='wpcf7-pum' value='{\"closepopup\":false,\"closedelay\":0,\"openpopup\":false,\"openpopup_id\":0}' \/><div class=\"wpcf7-response-output\" aria-hidden=\"true\"><\/div>\n<\/form>\n<\/div>\n[\/vc_column][vc_column width=&#8221;1\/3&#8243;][\/vc_column][\/vc_row]<\/p>\n<\/div>","protected":false},"excerpt":{"rendered":"<p>[vc_row css=&#8221;.vc_custom_1458642544957{margin-top: 48px !important;}&#8221;][vc_column width=&#8221;2\/3&#8243;][vc_column_text] Working together with universities and business schools &nbsp; MBAhelp successfully cooperates with many prestigious universities and business schools. The longstanding cooperation covers three areas: GMAT-Vorbereitungsseminar TOEFL- und GMAT-Vorbereitung Nicht nur Business Schools sondern auch zunehmend Hochschulen verlangen den TOEFL und GMAT als Zulassungsvoraussetzung. Im Zuge der Umstellung der Studieng\u00e4nge an<a class=\"moretag\" href=\"https:\/\/www.mbahelp.de\/en\/advertisement\/\"> ganzen Artikel lesen&#8230;<\/a><\/p>\n","protected":false},"author":1,"featured_media":0,"parent":0,"menu_order":0,"comment_status":"closed","ping_status":"closed","template":"","meta":{"_acf_changed":false,"footnotes":""},"class_list":["post-914","page","type-page","status-publish","hentry"],"acf":[],"yoast_head":"<!-- This site is optimized with the Yoast SEO plugin v27.3 - https:\/\/yoast.com\/product\/yoast-seo-wordpress\/ -->\n<title>Advertisement - MBAhelp.de<\/title>\n<meta name=\"robots\" content=\"index, follow, max-snippet:-1, max-image-preview:large, max-video-preview:-1\" \/>\n<link rel=\"canonical\" href=\"https:\/\/www.mbahelp.de\/en\/advertisement\/\" \/>\n<meta property=\"og:locale\" content=\"en_US\" \/>\n<meta property=\"og:type\" content=\"article\" \/>\n<meta property=\"og:title\" content=\"Advertisement - MBAhelp.de\" \/>\n<meta property=\"og:description\" content=\"[vc_row css=&#8221;.vc_custom_1458642544957{margin-top: 48px !important;}&#8221;][vc_column width=&#8221;2\/3&#8243;][vc_column_text] Working together with universities and business schools &nbsp; MBAhelp successfully cooperates with many prestigious universities and business schools. The longstanding cooperation covers three areas: GMAT-Vorbereitungsseminar TOEFL- und GMAT-Vorbereitung Nicht nur Business Schools sondern auch zunehmend Hochschulen verlangen den TOEFL und GMAT als Zulassungsvoraussetzung. Im Zuge der Umstellung der Studieng\u00e4nge an ganzen Artikel lesen...\" \/>\n<meta property=\"og:url\" content=\"https:\/\/www.mbahelp.de\/en\/advertisement\/\" \/>\n<meta property=\"og:site_name\" content=\"MBAhelp.de\" \/>\n<meta property=\"article:modified_time\" content=\"2017-01-10T15:20:59+00:00\" \/>\n<meta name=\"twitter:card\" content=\"summary_large_image\" \/>\n<meta name=\"twitter:label1\" content=\"Est. reading time\" \/>\n\t<meta name=\"twitter:data1\" content=\"3 minutes\" \/>\n<script type=\"application\/ld+json\" class=\"yoast-schema-graph\">{\"@context\":\"https:\\\/\\\/schema.org\",\"@graph\":[{\"@type\":\"WebPage\",\"@id\":\"https:\\\/\\\/www.mbahelp.de\\\/en\\\/advertisement\\\/\",\"url\":\"https:\\\/\\\/www.mbahelp.de\\\/en\\\/advertisement\\\/\",\"name\":\"Advertisement - MBAhelp.de\",\"isPartOf\":{\"@id\":\"https:\\\/\\\/www.mbahelp.de\\\/#website\"},\"datePublished\":\"2015-10-14T08:49:37+00:00\",\"dateModified\":\"2017-01-10T15:20:59+00:00\",\"breadcrumb\":{\"@id\":\"https:\\\/\\\/www.mbahelp.de\\\/en\\\/advertisement\\\/#breadcrumb\"},\"inLanguage\":\"en-US\",\"potentialAction\":[{\"@type\":\"ReadAction\",\"target\":[\"https:\\\/\\\/www.mbahelp.de\\\/en\\\/advertisement\\\/\"]}]},{\"@type\":\"BreadcrumbList\",\"@id\":\"https:\\\/\\\/www.mbahelp.de\\\/en\\\/advertisement\\\/#breadcrumb\",\"itemListElement\":[{\"@type\":\"ListItem\",\"position\":1,\"name\":\"Startseite\",\"item\":\"https:\\\/\\\/www.mbahelp.de\\\/en\\\/\"},{\"@type\":\"ListItem\",\"position\":2,\"name\":\"Advertisement\"}]},{\"@type\":\"WebSite\",\"@id\":\"https:\\\/\\\/www.mbahelp.de\\\/#website\",\"url\":\"https:\\\/\\\/www.mbahelp.de\\\/\",\"name\":\"MBAhelp.de\",\"description\":\"Top-Ergebnisse beim TOEFL, GMAT, GRE, SAT und Bewerbung\",\"potentialAction\":[{\"@type\":\"SearchAction\",\"target\":{\"@type\":\"EntryPoint\",\"urlTemplate\":\"https:\\\/\\\/www.mbahelp.de\\\/?s={search_term_string}\"},\"query-input\":{\"@type\":\"PropertyValueSpecification\",\"valueRequired\":true,\"valueName\":\"search_term_string\"}}],\"inLanguage\":\"en-US\"}]}<\/script>\n<!-- \/ Yoast SEO plugin. -->","yoast_head_json":{"title":"Advertisement - MBAhelp.de","robots":{"index":"index","follow":"follow","max-snippet":"max-snippet:-1","max-image-preview":"max-image-preview:large","max-video-preview":"max-video-preview:-1"},"canonical":"https:\/\/www.mbahelp.de\/en\/advertisement\/","og_locale":"en_US","og_type":"article","og_title":"Advertisement - MBAhelp.de","og_description":"[vc_row css=&#8221;.vc_custom_1458642544957{margin-top: 48px !important;}&#8221;][vc_column width=&#8221;2\/3&#8243;][vc_column_text] Working together with universities and business schools &nbsp; MBAhelp successfully cooperates with many prestigious universities and business schools. The longstanding cooperation covers three areas: GMAT-Vorbereitungsseminar TOEFL- und GMAT-Vorbereitung Nicht nur Business Schools sondern auch zunehmend Hochschulen verlangen den TOEFL und GMAT als Zulassungsvoraussetzung. Im Zuge der Umstellung der Studieng\u00e4nge an ganzen Artikel lesen...","og_url":"https:\/\/www.mbahelp.de\/en\/advertisement\/","og_site_name":"MBAhelp.de","article_modified_time":"2017-01-10T15:20:59+00:00","twitter_card":"summary_large_image","twitter_misc":{"Est. reading time":"3 minutes"},"schema":{"@context":"https:\/\/schema.org","@graph":[{"@type":"WebPage","@id":"https:\/\/www.mbahelp.de\/en\/advertisement\/","url":"https:\/\/www.mbahelp.de\/en\/advertisement\/","name":"Advertisement - MBAhelp.de","isPartOf":{"@id":"https:\/\/www.mbahelp.de\/#website"},"datePublished":"2015-10-14T08:49:37+00:00","dateModified":"2017-01-10T15:20:59+00:00","breadcrumb":{"@id":"https:\/\/www.mbahelp.de\/en\/advertisement\/#breadcrumb"},"inLanguage":"en-US","potentialAction":[{"@type":"ReadAction","target":["https:\/\/www.mbahelp.de\/en\/advertisement\/"]}]},{"@type":"BreadcrumbList","@id":"https:\/\/www.mbahelp.de\/en\/advertisement\/#breadcrumb","itemListElement":[{"@type":"ListItem","position":1,"name":"Startseite","item":"https:\/\/www.mbahelp.de\/en\/"},{"@type":"ListItem","position":2,"name":"Advertisement"}]},{"@type":"WebSite","@id":"https:\/\/www.mbahelp.de\/#website","url":"https:\/\/www.mbahelp.de\/","name":"MBAhelp.de","description":"Top-Ergebnisse beim TOEFL, GMAT, GRE, SAT und Bewerbung","potentialAction":[{"@type":"SearchAction","target":{"@type":"EntryPoint","urlTemplate":"https:\/\/www.mbahelp.de\/?s={search_term_string}"},"query-input":{"@type":"PropertyValueSpecification","valueRequired":true,"valueName":"search_term_string"}}],"inLanguage":"en-US"}]}},"_links":{"self":[{"href":"https:\/\/www.mbahelp.de\/en\/wp-json\/wp\/v2\/pages\/914","targetHints":{"allow":["GET"]}}],"collection":[{"href":"https:\/\/www.mbahelp.de\/en\/wp-json\/wp\/v2\/pages"}],"about":[{"href":"https:\/\/www.mbahelp.de\/en\/wp-json\/wp\/v2\/types\/page"}],"author":[{"embeddable":true,"href":"https:\/\/www.mbahelp.de\/en\/wp-json\/wp\/v2\/users\/1"}],"replies":[{"embeddable":true,"href":"https:\/\/www.mbahelp.de\/en\/wp-json\/wp\/v2\/comments?post=914"}],"version-history":[{"count":3,"href":"https:\/\/www.mbahelp.de\/en\/wp-json\/wp\/v2\/pages\/914\/revisions"}],"predecessor-version":[{"id":961,"href":"https:\/\/www.mbahelp.de\/en\/wp-json\/wp\/v2\/pages\/914\/revisions\/961"}],"wp:attachment":[{"href":"https:\/\/www.mbahelp.de\/en\/wp-json\/wp\/v2\/media?parent=914"}],"curies":[{"name":"wp","href":"https:\/\/api.w.org\/{rel}","templated":true}]}}