{"id":833,"date":"2015-10-13T10:46:39","date_gmt":"2015-10-13T08:46:39","guid":{"rendered":"https:\/\/www.mbahelp.de\/gre\/gre-test\/?lang=en"},"modified":"2016-11-25T13:53:20","modified_gmt":"2016-11-25T12:53:20","slug":"gre-test","status":"publish","type":"page","link":"https:\/\/www.mbahelp.de\/en\/gre\/gre-test\/","title":{"rendered":"GRE-Test"},"content":{"rendered":"<div class=\"wpb-content-wrapper\"><p>[vc_row css=&#8221;.vc_custom_1458223550217{margin-top: 48px !important;}&#8221;][vc_column width=&#8221;2\/3&#8243;][vc_column_text]<\/p>\n<h2>GRE-Vorbereitung<\/h2>\n<p>&nbsp;<\/p>\n<p><strong data-redactor-tag=\"strong\">GRE &#8211; Graduate Record Examinations<br \/>\nGRE &#8211; Revised General Test seit August 2011<\/strong><\/p>\n<p>The GRE &#8211; Graduate Record Examination &#8211; is an admissions test specifically designed for the Graduate area, in other words it is for students who already have a bachelor degree (for example, a BA or B. Sc.) and\u00a0 who want to apply to a Master&#8217;s program, MBA or PhD program. Certain institutions however already request the GRE for admission to undergraduate programs or for career changers.<\/p>\n<p>In the United States, the GRE must not only be taken by foreign national applicants, but also by American students who wish to study in a Master&#8217;s program after their bachelor&#8217;s degree or want to be admitted to a PhD program. However, the GRE is not required by all Master programs (MBA programs often ask for the Graduate Management Admissions Test &#8211; GMAT which was specifically designed for this purpose), please see our <a href=\"https:\/\/www.mbahelp.de\/gmat\/gmat-preparation\/?lang=en\">GMAT section<\/a>.[\/vc_column_text][\/vc_column][vc_column width=&#8221;1\/3&#8243;][vc_column_text]<\/p>\n<blockquote><p>Tipp<\/p><\/blockquote>\n<p>Seit 2012 wird der GRE ausschliesslich f\u00fcr die Zulassung zu Masterstudieng\u00e4ngen an der HSG in St. Gallen verlangt; der GRE kann nicht mehr anstelle des St.Gallen-Aufnahmetests f\u00fcr Bachelorstudieng\u00e4nge verwendet werden. MBAhelp bietet k\u00fcnftig spezielle Vorbereitungskurse f\u00fcr den Aufnahmetest der HSG Uni St. Gallen an.<\/p>\n<p>[\/vc_column_text][\/vc_column][\/vc_row][vc_row][vc_column width=&#8221;2\/3&#8243;][vc_column_text]<strong data-redactor-tag=\"strong\">Der GRE Revised General Test seit 1. August 2011<\/strong><\/p>\n<p>Am 01. August 2011 wurde der GRE General Test durch den GRE Revised General Test ersetzt. W\u00e4hrend der Einf\u00fchrungsphase bis November 2011 dauerte die Auswertung des Tests deutlich l\u00e4nger, seit Dezember 2012 erhalten Sie Ihre Ergebnisse nach 10-15 Tagen.<\/p>\n<p><span style=\"color: #000000;\"><strong>Struktur <span lang=\"EN-GB\">and content of the GRE General Test<\/span><\/strong><\/span><\/p>\n<p><span lang=\"EN-GB\" style=\"color: #000000;\">The GRE-test is a Computer-Based-Test; the GRE lasts 3 hours 45 minutes including the experimental questions. It always starts with the Analytical Writing Essays, and is followed by the Verbal and Quantitative Sections.<\/span>[\/vc_column_text][\/vc_column][vc_column width=&#8221;1\/3&#8243;][vc_single_image image=&#8221;162&#8243; img_size=&#8221;full&#8221;][\/vc_column][\/vc_row][vc_row full_width=&#8221;stretch_row&#8221; css=&#8221;.vc_custom_1458224055435{background-color: #2f9899 !important;}&#8221;][vc_column width=&#8221;2\/3&#8243;][vc_table vc_table_theme=&#8221;classic&#8221;]Section,Amount%20of%20questions,Time,Evaluation|Analytical%20Writing,2%20Essays,both%2030%20minutes,0%20-%206|Verbal%20Reasoning,2%20parts%20with%2020%20questions,2%20x%2030%20minutes,130%20-%20170|Quantitative%20Reasoning,2%20parts%20with%2020%20questions,2%20x%2035%20minutes,130%20-%20170|Experimental%20Questions,variable,variable,[\/vc_table][\/vc_column][vc_column width=&#8221;1\/3&#8243;][\/vc_column][\/vc_row][vc_row][vc_column width=&#8221;2\/3&#8243;][vc_column_text]<strong data-redactor-tag=\"strong\">Wichtigste Unterschiede zwischen GRE General Test und GRE Revised General Test<\/strong><\/p>\n<p><strong data-redactor-tag=\"strong\">GRE Writing<\/strong><\/p>\n<p>2 Aufs\u00e4tze (Argument und Issue), die eine signifikant pr\u00e4zisere Antwort als bisher verlangen. Um eine hohe Punktanzahl zu erreichen, m\u00fcssen Sie nachweisen, dass Sie komplexe Sachverhalte deutlich und effizient darstellen k\u00f6nnen, Behauptungen mit entsprechenden Argumenten und Beispielen untermauern, mit begr\u00fcndeten Sachverhalten analytisch umzugehen sowie insgesamt die englische Sprache differenziert im Schriftlichen beherrschen.<br \/>\n<strong data-redactor-tag=\"strong\"><br \/>\nGRE Verbal<\/strong><\/p>\n<p>Wegfall der Entsprechungen und Gegenteile (Antonyms and Analogies), somit wird kein Wortschatz au\u00dferhalb eines Kontexts gepr\u00fcft<\/p>\n<p>Neu hinzugekommen sind die Completion Questions, die Ihre F\u00e4higkeit messen, Texte zu interpretieren und Schlussfolgerungen daraus zu ziehen. Dabei werden Schl\u00fcsselbegriffe aus Texten entfernt, die Sie entsprechend anhand einer Auswahlliste erg\u00e4nzen m\u00fcssen.<\/p>\n<p>Ebenfalls neu sind Sentence Equivalence Fragen, die Ihre F\u00e4higkeit testen, eine Aussage zu erg\u00e4nzen, um ihren Sinn zu bewahren.<\/p>\n<p>Die Anzahl von Leseverst\u00e4ndnis-Fragen wurde erh\u00f6ht, einschlie\u00dflich neuer Fragearten, wie z. B. mehrere richtige Antworten statt nur eine ausw\u00e4hlen zu k\u00f6nnen oder das Markieren von Textstellen, die die richtige Antwort enthalten.<\/p>\n<p><strong data-redactor-tag=\"strong\">GRE Quantitative (Mathe)<\/strong><\/p>\n<p>Der GRE Revised General Test verlangt weiterhin eine sehr gute Beherrschung der mathematischen Grundkonzepten wie Arithmetik, Algebra, Geometrie und quantitative Analyse. Die neuen Fragen sind jedoch praxisbezogener.<\/p>\n<p>Hinzu gekommen sind neue Multiple-Choice-Aufgaben, die mehrere richtige Antworten enthalten k\u00f6nnen.<br \/>\nEine neue Frageart, Numeric Entry, wurde eingef\u00fchrt, bei der Sie Ihre Antwort in ein Feld eingeben anstatt sie aus einer Liste auszuw\u00e4hlen.<\/p>\n<p><strong data-redactor-tag=\"strong\">GRE-Teststruktur<\/strong><\/p>\n<p>Die neue Punkteskala f\u00fcr Verbal Reasoning und Quantitative Reasoning des Revised GRE reicht von 130 &#8211; 170 Punkten (die Skala des GRE General Test reichte von 200 &#8211; 800 Punkten). Beim neuen System gibt es 1-Punkt-Intervalle, somit kann man ein Ergebnis von z.B. 147 oder 161 Punkten erzielen. Ihre Ergebnisse werden dennoch in beiden Systemen angegeben, d.h. sowohl in der 200 &#8211; 800 Skala als auch als ungef\u00e4hre Enstprechung in der neuen 130 &#8211; 170-Skala.<\/p>\n<p>Eine genaue Konkordanztabelle, mit der man die Ergebnisse beider Systeme exakt vergleicht, wird erst dann ver\u00f6ffentlicht, wenn ausreichende statistisch relevante Ergebnisse vorliegen. Die Skala f\u00fcr Writing bleibt unver\u00e4ndert bei 0 &#8211; 6. Dar\u00fcber hinaus ist der neue GRE Revised General Test nicht mehr adaptiv. In der neuen Struktur ist es jetzt erlaubt, Fragen zu \u00fcberspringen und sie sp\u00e4ter zu bearbeiten. Damit kann der Testkandidat zur\u00fcckgehen, was fr\u00fcher nicht m\u00f6glich war.<\/p>\n<p><strong data-redactor-tag=\"strong\">Matheteil als Zulassungsvoraussetzung<\/strong><\/p>\n<p>Bei bestimmten Universit\u00e4ten und Studieng\u00e4ngen werden \u00fcberwiegend die Ergebnisse des quantitativen Teils (Mathematik) des GRE ber\u00fccksichtigt. Die meisten Universit\u00e4ten und Business Schools verlangen jedoch gute Noten in allen drei Bereichen des GRE. So z. B. betr\u00e4gt der GRE-Durchschnitt der letzten drei Jahre beim Master-Studiengang der Yale-University 660 Punkte im verbalen Teil, 690 Punkte im quantitativen Teil und 5 im Analytical Writing (nach der alten Skala).<\/p>\n<p><strong data-redactor-tag=\"strong\">GRE Subject Tests<\/strong><\/p>\n<p>Dar\u00fcber hinaus gibt es vom GRE auch noch einige spezielle Varianten, die so genannten &#8220;Subject Tests&#8221;. Diese Zusatztests in Biochemie, Biologie, Chemie, Informatik, Englische Literatur, Mathematik, Physik und Psychologie werden nur bei speziellen F\u00e4chern, meist Naturwissenschaften, verlangt. Die GRE Paper-Based Subject Tests, die man nur zu bestimmten Terminen in Berlin, Hamburg und M\u00fcnchen ablegen kann, kosten jeweils 150 Dollar.<\/p>\n<p><span style=\"color: #000000;\"><strong><span lang=\"EN-GB\">Registration for the GRE<\/span><\/strong><\/span><\/p>\n<p><span lang=\"EN-GB\" style=\"color: #000000;\">You can take the GRE every 30 days but not more than 5 times within a 12 month period. The GRE fee is US $ 190.00. Registration for the GRE is not done via test centres, but is organised centrally via the website www.gre.org or by telephone on 0031-320-239-540. You will need a credit card. The test centres in Germany are located in Berlin, Frankfurt, Hamburg and Munich; in Switzerland in Geneva; in France in Paris and Toulouse; in Italy in Milan and Rome; in the Czech Republic in Prague etc. There is also a Paper-Based test version of the GRE. The Paper-Based Test can be taken any possible number of times in certain GRE Test Centres (e.g. Hamburg, Berlin and Munich) and if necessary also in other test centres. We do not recommend the paper-based GRE, since the evaluation takes about 6 weeks<\/span><\/p>\n<p><strong>GRE-Preparation<\/strong><\/p>\n<p>MBAhelp will help you to boost your GRE scores, and thus get an important step closer to being admitted to a renowned university. Our GRE courses and preparatory seminars, which are given by experienced experts, in conjunction with our GRE teaching materials (Study Books, Workbooks, Benchmark problem, speed drills and CD-ROMs),will allow you to achieve the best results in the shortest time. Our GRE instructors are full-time specialists from the United States. Our GRE classes are held exclusively in English.<br \/>\nFor more information, please visit the <a href=\"https:\/\/www.mbahelp.de\/gre\/gre-courses\/?lang=en\">GRE courses section<\/a>.[\/vc_column_text][\/vc_column][vc_column width=&#8221;1\/3&#8243;][\/vc_column][\/vc_row]<\/p>\n<\/div>","protected":false},"excerpt":{"rendered":"<p>[vc_row css=&#8221;.vc_custom_1458223550217{margin-top: 48px !important;}&#8221;][vc_column width=&#8221;2\/3&#8243;][vc_column_text] GRE-Vorbereitung &nbsp; GRE &#8211; Graduate Record Examinations GRE &#8211; Revised General Test seit August 2011 The GRE &#8211; Graduate Record Examination &#8211; is an admissions test specifically designed for the Graduate area, in other words it is for students who already have a bachelor degree (for example, a BA or<a class=\"moretag\" href=\"https:\/\/www.mbahelp.de\/en\/gre\/gre-test\/\"> read full arcticle&#8230;<\/a><\/p>\n","protected":false},"author":1,"featured_media":0,"parent":831,"menu_order":0,"comment_status":"closed","ping_status":"closed","template":"","meta":{"_acf_changed":false,"footnotes":""},"class_list":["post-833","page","type-page","status-publish","hentry"],"acf":[],"yoast_head":"<!-- This site is optimized with the Yoast SEO plugin v27.4 - https:\/\/yoast.com\/product\/yoast-seo-wordpress\/ -->\n<title>GRE-Test - MBAhelp.de<\/title>\n<meta name=\"robots\" content=\"index, follow, max-snippet:-1, max-image-preview:large, max-video-preview:-1\" \/>\n<link rel=\"canonical\" href=\"https:\/\/www.mbahelp.de\/en\/gre\/gre-test\/\" \/>\n<meta property=\"og:locale\" content=\"en_US\" \/>\n<meta property=\"og:type\" content=\"article\" \/>\n<meta property=\"og:title\" content=\"GRE-Test - MBAhelp.de\" \/>\n<meta property=\"og:description\" content=\"[vc_row css=&#8221;.vc_custom_1458223550217{margin-top: 48px !important;}&#8221;][vc_column width=&#8221;2\/3&#8243;][vc_column_text] GRE-Vorbereitung &nbsp; GRE &#8211; Graduate Record Examinations GRE &#8211; Revised General Test seit August 2011 The GRE &#8211; Graduate Record Examination &#8211; is an admissions test specifically designed for the Graduate area, in other words it is for students who already have a bachelor degree (for example, a BA or read full arcticle...\" \/>\n<meta property=\"og:url\" content=\"https:\/\/www.mbahelp.de\/en\/gre\/gre-test\/\" \/>\n<meta property=\"og:site_name\" content=\"MBAhelp.de\" \/>\n<meta property=\"article:modified_time\" content=\"2016-11-25T12:53:20+00:00\" \/>\n<meta name=\"twitter:card\" content=\"summary_large_image\" \/>\n<meta name=\"twitter:label1\" content=\"Est. reading time\" \/>\n\t<meta name=\"twitter:data1\" content=\"6 minutes\" \/>\n<script type=\"application\/ld+json\" class=\"yoast-schema-graph\">{\"@context\":\"https:\\\/\\\/schema.org\",\"@graph\":[{\"@type\":\"WebPage\",\"@id\":\"https:\\\/\\\/www.mbahelp.de\\\/en\\\/gre\\\/gre-test\\\/\",\"url\":\"https:\\\/\\\/www.mbahelp.de\\\/en\\\/gre\\\/gre-test\\\/\",\"name\":\"GRE-Test - MBAhelp.de\",\"isPartOf\":{\"@id\":\"https:\\\/\\\/www.mbahelp.de\\\/#website\"},\"datePublished\":\"2015-10-13T08:46:39+00:00\",\"dateModified\":\"2016-11-25T12:53:20+00:00\",\"breadcrumb\":{\"@id\":\"https:\\\/\\\/www.mbahelp.de\\\/en\\\/gre\\\/gre-test\\\/#breadcrumb\"},\"inLanguage\":\"en-US\",\"potentialAction\":[{\"@type\":\"ReadAction\",\"target\":[\"https:\\\/\\\/www.mbahelp.de\\\/en\\\/gre\\\/gre-test\\\/\"]}]},{\"@type\":\"BreadcrumbList\",\"@id\":\"https:\\\/\\\/www.mbahelp.de\\\/en\\\/gre\\\/gre-test\\\/#breadcrumb\",\"itemListElement\":[{\"@type\":\"ListItem\",\"position\":1,\"name\":\"Startseite\",\"item\":\"https:\\\/\\\/www.mbahelp.de\\\/en\\\/\"},{\"@type\":\"ListItem\",\"position\":2,\"name\":\"GRE\",\"item\":\"https:\\\/\\\/www.mbahelp.de\\\/en\\\/gre\\\/\"},{\"@type\":\"ListItem\",\"position\":3,\"name\":\"GRE-Test\"}]},{\"@type\":\"WebSite\",\"@id\":\"https:\\\/\\\/www.mbahelp.de\\\/#website\",\"url\":\"https:\\\/\\\/www.mbahelp.de\\\/\",\"name\":\"MBAhelp.de\",\"description\":\"Top-Ergebnisse beim TOEFL, GMAT, GRE, SAT und Bewerbung\",\"potentialAction\":[{\"@type\":\"SearchAction\",\"target\":{\"@type\":\"EntryPoint\",\"urlTemplate\":\"https:\\\/\\\/www.mbahelp.de\\\/?s={search_term_string}\"},\"query-input\":{\"@type\":\"PropertyValueSpecification\",\"valueRequired\":true,\"valueName\":\"search_term_string\"}}],\"inLanguage\":\"en-US\"}]}<\/script>\n<!-- \/ Yoast SEO plugin. -->","yoast_head_json":{"title":"GRE-Test - MBAhelp.de","robots":{"index":"index","follow":"follow","max-snippet":"max-snippet:-1","max-image-preview":"max-image-preview:large","max-video-preview":"max-video-preview:-1"},"canonical":"https:\/\/www.mbahelp.de\/en\/gre\/gre-test\/","og_locale":"en_US","og_type":"article","og_title":"GRE-Test - MBAhelp.de","og_description":"[vc_row css=&#8221;.vc_custom_1458223550217{margin-top: 48px !important;}&#8221;][vc_column width=&#8221;2\/3&#8243;][vc_column_text] GRE-Vorbereitung &nbsp; GRE &#8211; Graduate Record Examinations GRE &#8211; Revised General Test seit August 2011 The GRE &#8211; Graduate Record Examination &#8211; is an admissions test specifically designed for the Graduate area, in other words it is for students who already have a bachelor degree (for example, a BA or read full arcticle...","og_url":"https:\/\/www.mbahelp.de\/en\/gre\/gre-test\/","og_site_name":"MBAhelp.de","article_modified_time":"2016-11-25T12:53:20+00:00","twitter_card":"summary_large_image","twitter_misc":{"Est. reading time":"6 minutes"},"schema":{"@context":"https:\/\/schema.org","@graph":[{"@type":"WebPage","@id":"https:\/\/www.mbahelp.de\/en\/gre\/gre-test\/","url":"https:\/\/www.mbahelp.de\/en\/gre\/gre-test\/","name":"GRE-Test - MBAhelp.de","isPartOf":{"@id":"https:\/\/www.mbahelp.de\/#website"},"datePublished":"2015-10-13T08:46:39+00:00","dateModified":"2016-11-25T12:53:20+00:00","breadcrumb":{"@id":"https:\/\/www.mbahelp.de\/en\/gre\/gre-test\/#breadcrumb"},"inLanguage":"en-US","potentialAction":[{"@type":"ReadAction","target":["https:\/\/www.mbahelp.de\/en\/gre\/gre-test\/"]}]},{"@type":"BreadcrumbList","@id":"https:\/\/www.mbahelp.de\/en\/gre\/gre-test\/#breadcrumb","itemListElement":[{"@type":"ListItem","position":1,"name":"Startseite","item":"https:\/\/www.mbahelp.de\/en\/"},{"@type":"ListItem","position":2,"name":"GRE","item":"https:\/\/www.mbahelp.de\/en\/gre\/"},{"@type":"ListItem","position":3,"name":"GRE-Test"}]},{"@type":"WebSite","@id":"https:\/\/www.mbahelp.de\/#website","url":"https:\/\/www.mbahelp.de\/","name":"MBAhelp.de","description":"Top-Ergebnisse beim TOEFL, GMAT, GRE, SAT und Bewerbung","potentialAction":[{"@type":"SearchAction","target":{"@type":"EntryPoint","urlTemplate":"https:\/\/www.mbahelp.de\/?s={search_term_string}"},"query-input":{"@type":"PropertyValueSpecification","valueRequired":true,"valueName":"search_term_string"}}],"inLanguage":"en-US"}]}},"_links":{"self":[{"href":"https:\/\/www.mbahelp.de\/en\/wp-json\/wp\/v2\/pages\/833","targetHints":{"allow":["GET"]}}],"collection":[{"href":"https:\/\/www.mbahelp.de\/en\/wp-json\/wp\/v2\/pages"}],"about":[{"href":"https:\/\/www.mbahelp.de\/en\/wp-json\/wp\/v2\/types\/page"}],"author":[{"embeddable":true,"href":"https:\/\/www.mbahelp.de\/en\/wp-json\/wp\/v2\/users\/1"}],"replies":[{"embeddable":true,"href":"https:\/\/www.mbahelp.de\/en\/wp-json\/wp\/v2\/comments?post=833"}],"version-history":[{"count":3,"href":"https:\/\/www.mbahelp.de\/en\/wp-json\/wp\/v2\/pages\/833\/revisions"}],"predecessor-version":[{"id":940,"href":"https:\/\/www.mbahelp.de\/en\/wp-json\/wp\/v2\/pages\/833\/revisions\/940"}],"up":[{"embeddable":true,"href":"https:\/\/www.mbahelp.de\/en\/wp-json\/wp\/v2\/pages\/831"}],"wp:attachment":[{"href":"https:\/\/www.mbahelp.de\/en\/wp-json\/wp\/v2\/media?parent=833"}],"curies":[{"name":"wp","href":"https:\/\/api.w.org\/{rel}","templated":true}]}}