{"id":789,"date":"2015-10-13T10:35:19","date_gmt":"2015-10-13T08:35:19","guid":{"rendered":"https:\/\/www.mbahelp.de\/gmat\/gmat-vorbereitung\/?lang=en"},"modified":"2016-11-25T12:24:02","modified_gmt":"2016-11-25T11:24:02","slug":"gmat-preparation","status":"publish","type":"page","link":"https:\/\/www.mbahelp.de\/en\/gmat\/gmat-preparation\/","title":{"rendered":"GMAT Preparation"},"content":{"rendered":"<div class=\"wpb-content-wrapper\"><p>[vc_row css=&#8221;.vc_custom_1458145342228{margin-top: 48px !important;}&#8221;][vc_column width=&#8221;2\/3&#8243;][vc_column_text]<\/p>\n<h2>GMAT Preparation<\/h2>\n<p>&nbsp;<\/p>\n<p><span lang=\"EN-GB\" style=\"color: #000000;\">If you would like to achieve the best results with your GMAT preparation then we recommend the MBAhelp GMAT courses. These will help you to increase your GMAT scores, thus getting you an important step closer to admission to universities and business schools. You can optimally prepare for the GMAT with help from our GMAT courses, workshops and seminars on three areas &#8211; Quantitative Section, Verbal Section and Analytical Writing Assessment &#8211; in conjunction with our teaching materials ( GMAT Study Books and CD-ROMs ) and our online campus. For more information on the different choices with regards to the best GMAT preparation please see <a href=\"https:\/\/www.mbahelp.de\/gmat\/gmat-courses\/?lang=en\">GMAT courses<\/a>.<\/span><\/p>\n<p><span lang=\"EN-GB\" style=\"color: #000000;\">Click here to see our trainers in action.<\/span><\/p>\n<p>&nbsp;<\/p>\n<p>&nbsp;<\/p>\n<p><strong><span lang=\"EN-GB\" style=\"color: #000000;\">The GMAT and the optimal GMAT preparation<\/span><\/strong><\/p>\n<p><span lang=\"EN-GB\" style=\"color: #000000;\">The Graduate Management Admission Test (GMAT) is one of the most important admission criteria used not only by leading national and international MBA programs, but also increasingly by other master&#8217;s and undergraduate degree programs. The GMAT is a very sophisticated, standardized test. It not only tests your skills in verbal (linguistic) and quantitative (math) areas, but also tests your ability to remain calm under pressure and your resilience. The GMAT is a computer-based test. This means that the nearly 4 hour long GMAT CBT is completed on a computer in a test center. The paper-based GMAT was abolished several years ago.<\/span><\/p>\n<p>&nbsp;<\/p>\n<p>The GMAT-Test consists of:<\/p>\n<ul>\n<li>two 30 minute essays (Analytical Writing Assessment (AWA)): Analysis of an Argument and Analysis of an Issue<\/li>\n<li>a 75 minute mathematical portion with 37 questions (GMAT Quantitative Section, Multiple-Choice)<\/li>\n<li>a 75 minute linguistic part with 41questions (GMAT Verbal Section, Multiple-Choice)<\/li>\n<\/ul>\n<p>&nbsp;<\/p>\n<p>&nbsp;<\/p>\n<p><strong data-redactor-tag=\"strong\">Der GMAT-Test (neues Format) ab 5. Juni 2012<\/strong><\/p>\n<p>Ab 5. Juni 2012 wird der GMAT ge\u00e4ndert. Ein AWA-Aufsatz (Analysis of an Issue) wird durch einen neuen Abschnitt ersetzt. Dieser neue Abschnitt hei\u00dft Integrated Reasoning, welcher Ihre F\u00e4higkeit, auf verschiedene Arten pr\u00e4sentierte und aus verschiedenen Quellen stammende Informationen wie z.B. Text, Grafiken, Zahlen und Tabellen, auszuwerten bzw. zu interpretieren und zu kombinieren, um somit komplexe Aufgaben zu l\u00f6sen. Ebenfalls neu ist, dass sich mehrere Fragen auf die selben Informationen beziehen k\u00f6nnen. Dabei kann man einen Bildschirm-Taschenrechner benutzen. Die restlichen Teile des GMAT bleiben unver\u00e4ndert.[\/vc_column_text][\/vc_column][vc_column width=&#8221;1\/3&#8243;][\/vc_column][\/vc_row][vc_row][vc_column width=&#8221;2\/3&#8243;][vc_column_text]<strong data-redactor-tag=\"strong\">Reihenfolge des neuen GMAT ab 5. Juni 2012 <\/strong><\/p>\n<p><span style=\"color: #ff0000;\">\u00a0<\/span>[\/vc_column_text][vc_table vc_table_theme=&#8221;classic&#8221;]Abschnitt,Anzahl%20Fragen,Zeit|Analytical%20Writing%20Assessment,1%20Essay%20(Analysis%20of%20an%20Argument),30%20Minuten|Integrated%20Reasoning,12%20Fragen%20in%204%20verschiedenen%20Formaten,30%20Minuten|Math,37%20Multiple%20Choice,75%20Minuten|Verbal,41%20Multiple%20Choice,75%20Minuten[\/vc_table][\/vc_column][vc_column width=&#8221;1\/3&#8243;][\/vc_column][\/vc_row][vc_row][vc_column width=&#8221;2\/3&#8243;][vc_column_text]Hat eine Frage im neuen Abschnitt Integrated Reasoning mehrere Teilfragen, m\u00fcssen alle Teilfragen richtig beantwortet werden, um Punkte zu erhalten. Insgesamt beinhaltet Integrated Reasoning 12 Fragen.<\/p>\n<p>Die Verbal und Quantitative Sections des GMAT (und nicht der neue Integrated Reasoning Abschnitt) werden als Computer Adaptive Test (CAT) durchgef\u00fchrt. Dies bedeutet, dass Sie auf dem Bildschirm jeweils nur eine Frage sehen, die aus einem gro\u00dfen Pool von Fragen divergierenden Inhalts und Schwierigkeitsgrades stammt. Jede Frage muss beantwortet werden, das erneute Aufrufen und damit das Korrigieren fr\u00fcherer Antworten ist nicht m\u00f6glich. In Abh\u00e4ngigkeit von der Antwort ver\u00e4ndert sich der Schwierigkeitsgrad der nachfolgenden Frage. Wurde beispielsweise eine Frage falsch beantwortet, folgt automatisch eine Frage mit geringerem Schwierigkeitsgrad. Ist die n\u00e4chste Antwort korrekt, steigt der Schwierigkeitsgrad der nachfolgenden Frage wieder. Dieser Testmodus zielt darauf ab, das individuelle Leistungsverm\u00f6gen m\u00f6glichst genau zu ermitteln. Die Auswertung der Punktanzahl erfolgt aufgrund eines komplexen Algorithmus des ETS (Educational Testing Service).<\/p>\n<p>Die Ergebnisse des GMAT liegen zwischen 200 und dem maximal erreichbaren Testwert (Maximum Score) von 800 Punkten. Der GMAT-Durchschnitt in Deutschland liegt bei ca. 530 Punkten. Der Weltdurchschnitt aller Nicht-US-Teilnehmer liegt bei 532 Punkten, der der US-Amerikaner bei 521 Punkten.<\/p>\n<p>Die Gesamtpunktzahl, die Punktzahlen aus der jeweiligen Kategorien (AWA, Verbal, Quantitative) werden \u2014 auf Wunsch \u2014 im &#8220;GMAT Official Score Report&#8221; an die vom Testteilnehmer angegebenen Institutionen elektronisch weitergegeben. Die Weitergabe der Testergebnisse an bis zu 5 Business Schools ist in den Testgeb\u00fchren inbegriffen.<\/p>\n<p>Zwischen der Bewertung der einzelnen MBA-Programme, Master-Studieng\u00e4nge, Bachelor-Programme \u2014 insbesondere f\u00fcr die top Universit\u00e4ten und Business Schools \u2014 und dem erforderlichen GMAT-Testergebnis besteht ein klarer Zusammenhang: je angesehener das Programm, umso h\u00f6her der erforderliche GMAT-Score. Studienanf\u00e4nger an den Top Ten Universit\u00e4ten der Welt erreichen inzwischen einen durchschnittlichen GMAT-Score von 700 Punkten oder mehr, wobei man den mathematisch-analytischen Teil des GMAT (Quantitative Section) unter den besten 15 Prozent aller Teilnehmer abgeschlossen haben sollte (85 percentile). Auch f\u00fcr die nicht-amerikanischen Hochschulen ist der Zusammenhang zwischen MBA-Bewertung und GMAT deutlich. Wer z.B. an einem Programm einer renommierten Universit\u00e4t unter die besten 50 m\u00f6chte, sollte einen GMAT-Score von ca. 640-660 Punkten einplanen. Bewerber mit einem GMAT-Score von weniger als 600 Punkten haben lediglich eine 5-prozentige Chance, von einer Top Ten Business School angenommen zu werden. Aber nicht nur MBA-Programme sondern auch andere Universit\u00e4ten verlangen zunehmend den GMAT f\u00fcr Masterstudieng\u00e4nge oder f\u00fcr ein Bachelor-Studium (so z.B. die Uni St. Gallen, bei der Sie Mindestscores von 680 Punkten im GMAT nachweisen m\u00fcssen, um sich f\u00fcr einen bestimmten Bachelor- oder Masterstudiengang zu bewerben).[\/vc_column_text][\/vc_column][vc_column width=&#8221;1\/3&#8243;][vc_single_image image=&#8221;156&#8243; img_size=&#8221;full&#8221;][\/vc_column][\/vc_row][vc_row full_width=&#8221;stretch_row&#8221; css=&#8221;.vc_custom_1458145226049{background-color: #2f9899 !important;}&#8221;][vc_column width=&#8221;2\/3&#8243;][vc_column_text]<span style=\"color: #ffffff;\">Falls Sie keinen akademischen Abschluss haben oder nur mittelm\u00e4\u00dfige akademische Leistungen vorweisen k\u00f6nnen, nimmt der GMAT Score eine ausschlaggebendere Rolle ein. Wenn Sie die restlichen Voraussetzungen f\u00fcr die Zulassung erf\u00fcllen, k\u00f6nnen Sie mit einem guten GMAT-Score Ihre akademische Eignung f\u00fcr ein MBA Programm demonstrieren und Ihrer Bewerbung einen zus\u00e4tzlichen positiven Akzent verleihen. Der Mindest-Score als auch die GMAT-Durchschnittswerte der gegenw\u00e4rtigen Studenten werden von zahlreichen Business Schools und Universit\u00e4ten ver\u00f6ffentlicht.<\/span><\/p>\n<p><span style=\"color: #ffffff;\">Der GMAT kann wiederholt werden, allerdings nur einmal alle 31 Tage und bis zu f\u00fcnf mal pro Jahr. Testergebnisse fr\u00fcherer Versuche werden im Official Score Report ver\u00f6ffentlicht. Die meisten Universit\u00e4ten orientieren sich an der H\u00f6chstpunktzahl. Andere errechnen dagegen den Durchschnitt aller Ergebnisse. Deshalb ist es ratsam, sich f\u00fcr den ersten Versuch bestm\u00f6glich vorzubereiten. Zu beachten ist auch, dass auch f\u00fcr Stipendien f\u00fcr ein MBA-Studium eine gewisse Mindestpunktzahl im GMAT nachgewiesen werden muss. Beim DAAD sind das beispielsweise 600 Punkte, bei amerikanischen Universit\u00e4ten selbst kann diese H\u00fcrde deutlich h\u00f6her liegen.<\/span><\/p>\n<p><span style=\"color: #ffffff;\">Eine gr\u00fcndliche GMAT-Vorbereitung kann bis zu 3 Monate oder l\u00e4nger intensiver Arbeit in Anspruch nehmen. F\u00fcr Bewerber, die neben dem GMAT auch den TOEFL ben\u00f6tigen, empfiehlt es sich, zun\u00e4chst den TOEFL und danach den GMAT abzulegen, falls die Bewerbungsfristen dies erlauben.<\/span><\/p>\n<p><span style=\"color: #ffffff;\">GMAT-Testzentren: In Deutschland kann man den GMAT Computer-Based-Test in Berlin, Frankfurt, D\u00fcsseldorf, M\u00fcnchen und Hamburg ablegen, in \u00d6sterreich gibt es ein GMAT-Testcenter in Wien, in der Schweiz kann man den GMAT in Z\u00fcrich und Lausanne ablegen. In Holland besteht die M\u00f6glichkeit, den GMAT in Utrecht und Amsterdam abzulegen, in Belgien in Br\u00fcssel. Schlie\u00dflich k\u00f6nnen Sie den GMAT in Frankreich in Paris, St. Herblain, Villeneuve d&#8217;Ascq, Lyon, Toulouse, Bordeaux, Aix en Provence und Strasburg sowie in der Tschechischen Republik in Prag und in Italien im GMAT Testcenter Mailand ablegen.<\/span>[\/vc_column_text][\/vc_column][vc_column width=&#8221;1\/3&#8243;][vc_column_text]<\/p>\n<blockquote><p><span style=\"color: #ffffff;\">Tipp<\/span><\/p><\/blockquote>\n<p><span style=\"color: #ffffff;\">Es gibt wenige GMAT-Testcenter und die Nachfrage ist gro\u00df: Melden Sie sich deshalb rechtzeitig zum GMAT-Test an, um l\u00e4ngere Anfahrten zu vermeiden. Die Anmeldung erfolgt \u00fcber die Webseite mba.com<\/span><\/p>\n<p><span style=\"color: #ffffff;\">Der Abschnitt AWA (Analytical Writing Assessment) hat keinen Einfluss auf Ihr GMAT-Ergebnis. Investieren Sie daher wenig Vorbereitungszeit in den AWA.<\/span>[\/vc_column_text][\/vc_column][\/vc_row][vc_row][vc_column width=&#8221;2\/3&#8243;][vc_column_text]<\/p>\n<h3>Die Anschriften der GMAT-Testcenter in Deutschland, \u00d6sterreich und der Schweiz sind:<\/h3>\n<p>[\/vc_column_text][vc_tta_accordion active_section=&#8221;9&#8243; collapsible_all=&#8221;true&#8221;][vc_tta_section title=&#8221;Deutschland&#8221; tab_id=&#8221;1458144996249-b27c097f-a8a1&#8243;][vc_column_text]Pearson Professional Centers<br \/>\nBettinastr. 62<br \/>\n60325 Frankfurt am Main<br \/>\nTel: +49 (0)69-7409 3624<\/p>\n<p>IIK Dusseldorf e.V.<br \/>\nPalmenstrasse 25<br \/>\n40217 D\u00fcsseldorf<br \/>\nTel. +49 (0)211-566220<\/p>\n<p>New Horizons CLC<br \/>\nZimmerstr. 23<br \/>\n10969 Berlin<br \/>\nTel. +49 (0)30-20639100<\/p>\n<p>CBT Training &amp; Consulting GmbH<br \/>\nElektrastr. 6a, 4. Etage<br \/>\n81925 M\u00fcnchen<br \/>\nTel. +49 (0)89 4576918-0<\/p>\n<p>New Horizons C.L.C. Hamburg<br \/>\nWandsbeker Koenigsstr. 19-21<br \/>\n22041 Hamburg<br \/>\nTel.+49 (0)40-30060060[\/vc_column_text][\/vc_tta_section][vc_tta_section title=&#8221;\u00d6sterreich&#8221; tab_id=&#8221;1458144996481-d304611f-09db&#8221;][vc_column_text]Centre International Universitaire (CIU)<br \/>\nSchottengasse 1<br \/>\n1010 Wien<br \/>\nTel: +43 (1)5336533[\/vc_column_text][\/vc_tta_section][vc_tta_section title=&#8221;Schweiz&#8221; tab_id=&#8221;1458145122217-1c710701-b47e&#8221;][vc_column_text]Helidux Academy<br \/>\nAlderstrasse 40<br \/>\n8008 Zurich<br \/>\nTel. +41 434979081<\/p>\n<p>ISEIG<br \/>\nAvenue des Boveressses 52<br \/>\n1010 Lausanne<br \/>\nTel: +41 (0)21 654 4060[\/vc_column_text][\/vc_tta_section][\/vc_tta_accordion][\/vc_column][vc_column width=&#8221;1\/3&#8243;][\/vc_column][\/vc_row][vc_row][vc_column width=&#8221;2\/3&#8243;][vc_column_text]Die Testgeb\u00fchren f\u00fcr den GMAT betragen US$ 250,00 + MWSt. = US$ 297,00<\/p>\n<p>Beachten Sie bitte, dass neue Testcenters er\u00f6ffnet oder bestehende GMAT-Testcenters geschlossen werden. Melden Sie sich nicht direkt beim GMAT-Testcenter. GMAT-Kandidaten k\u00f6nnen sich nur online (einfacher) oder telefonisch anmelden:<\/p>\n<p>Online: <a href=\"http:\/\/www.mba.com\/global\">www.mba.com<\/a><br \/>\nTelefonisch: 0044-161-8557219 (in Englisch)<\/p>\n<p>Die GMAT-Testcentren sind von September bis November jeden Werktag ge\u00f6ffnet. In den anderen Monaten k\u00f6nnen die Kandidaten den Test nur in den letzten drei Monatswochen ablegen sowie an jedem zweiten Samstag. Von diesen Zeiten kann abgewichen werden. So z.B. k\u00f6nnen u.U. GMAT-Tests auch sonntags durchgef\u00fchrt werden.<\/p>\n<p>Bei einer telefonischen Anmeldung bekommen die Anrufer den Pr\u00fcfungstermin, eine Termin-Best\u00e4tigungsnummer und die Adresse des Testzentrums genannt sowie die notwendigen Dokumente, die sie zur Pr\u00fcfung mitbringen sollen.<\/p>\n<p>Aufgrund der starken Nachfrage sollten Sie sich mindestens 6-8 Wochen vor dem gew\u00fcnschten Termin anmelden.<\/p>\n<p>&nbsp;<\/p>\n<p><strong data-redactor-tag=\"strong\">GMAT HOTLINE <\/strong><\/p>\n<p>Do you have questions regarding the verbal and quantitative sections of the GMAT test or the strategy on how to achieve better results? Then talk to one of our GMAT coaches. They are available, free of charge, every day from 10:00 to 19:00 on our GMAT Hotline: phone number 069-238593-12.[\/vc_column_text][\/vc_column][vc_column width=&#8221;1\/3&#8243;][\/vc_column][\/vc_row]<\/p>\n<\/div>","protected":false},"excerpt":{"rendered":"<p>[vc_row css=&#8221;.vc_custom_1458145342228{margin-top: 48px !important;}&#8221;][vc_column width=&#8221;2\/3&#8243;][vc_column_text] GMAT Preparation &nbsp; If you would like to achieve the best results with your GMAT preparation then we recommend the MBAhelp GMAT courses. These will help you to increase your GMAT scores, thus getting you an important step closer to admission to universities and business schools. You can optimally prepare<a class=\"moretag\" href=\"https:\/\/www.mbahelp.de\/en\/gmat\/gmat-preparation\/\"> read full arcticle&#8230;<\/a><\/p>\n","protected":false},"author":1,"featured_media":0,"parent":787,"menu_order":2,"comment_status":"closed","ping_status":"closed","template":"","meta":{"_acf_changed":false,"footnotes":""},"class_list":["post-789","page","type-page","status-publish","hentry"],"acf":[],"yoast_head":"<!-- This site is optimized with the Yoast SEO plugin v27.4 - https:\/\/yoast.com\/product\/yoast-seo-wordpress\/ -->\n<title>GMAT Preparation - MBAhelp.de<\/title>\n<meta name=\"robots\" content=\"index, follow, max-snippet:-1, max-image-preview:large, max-video-preview:-1\" \/>\n<link rel=\"canonical\" href=\"https:\/\/www.mbahelp.de\/en\/gmat\/gmat-preparation\/\" \/>\n<meta property=\"og:locale\" content=\"en_US\" \/>\n<meta property=\"og:type\" content=\"article\" \/>\n<meta property=\"og:title\" content=\"GMAT Preparation - MBAhelp.de\" \/>\n<meta property=\"og:description\" content=\"[vc_row css=&#8221;.vc_custom_1458145342228{margin-top: 48px !important;}&#8221;][vc_column width=&#8221;2\/3&#8243;][vc_column_text] GMAT Preparation &nbsp; If you would like to achieve the best results with your GMAT preparation then we recommend the MBAhelp GMAT courses. These will help you to increase your GMAT scores, thus getting you an important step closer to admission to universities and business schools. You can optimally prepare read full arcticle...\" \/>\n<meta property=\"og:url\" content=\"https:\/\/www.mbahelp.de\/en\/gmat\/gmat-preparation\/\" \/>\n<meta property=\"og:site_name\" content=\"MBAhelp.de\" \/>\n<meta property=\"article:modified_time\" content=\"2016-11-25T11:24:02+00:00\" \/>\n<meta name=\"twitter:card\" content=\"summary_large_image\" \/>\n<meta name=\"twitter:label1\" content=\"Est. reading time\" \/>\n\t<meta name=\"twitter:data1\" content=\"8 minutes\" \/>\n<script type=\"application\/ld+json\" class=\"yoast-schema-graph\">{\"@context\":\"https:\\\/\\\/schema.org\",\"@graph\":[{\"@type\":\"WebPage\",\"@id\":\"https:\\\/\\\/www.mbahelp.de\\\/en\\\/gmat\\\/gmat-preparation\\\/\",\"url\":\"https:\\\/\\\/www.mbahelp.de\\\/en\\\/gmat\\\/gmat-preparation\\\/\",\"name\":\"GMAT Preparation - MBAhelp.de\",\"isPartOf\":{\"@id\":\"https:\\\/\\\/www.mbahelp.de\\\/#website\"},\"datePublished\":\"2015-10-13T08:35:19+00:00\",\"dateModified\":\"2016-11-25T11:24:02+00:00\",\"breadcrumb\":{\"@id\":\"https:\\\/\\\/www.mbahelp.de\\\/en\\\/gmat\\\/gmat-preparation\\\/#breadcrumb\"},\"inLanguage\":\"en-US\",\"potentialAction\":[{\"@type\":\"ReadAction\",\"target\":[\"https:\\\/\\\/www.mbahelp.de\\\/en\\\/gmat\\\/gmat-preparation\\\/\"]}]},{\"@type\":\"BreadcrumbList\",\"@id\":\"https:\\\/\\\/www.mbahelp.de\\\/en\\\/gmat\\\/gmat-preparation\\\/#breadcrumb\",\"itemListElement\":[{\"@type\":\"ListItem\",\"position\":1,\"name\":\"Startseite\",\"item\":\"https:\\\/\\\/www.mbahelp.de\\\/en\\\/\"},{\"@type\":\"ListItem\",\"position\":2,\"name\":\"GMAT\",\"item\":\"https:\\\/\\\/www.mbahelp.de\\\/en\\\/gmat\\\/\"},{\"@type\":\"ListItem\",\"position\":3,\"name\":\"GMAT Preparation\"}]},{\"@type\":\"WebSite\",\"@id\":\"https:\\\/\\\/www.mbahelp.de\\\/#website\",\"url\":\"https:\\\/\\\/www.mbahelp.de\\\/\",\"name\":\"MBAhelp.de\",\"description\":\"Top-Ergebnisse beim TOEFL, GMAT, GRE, SAT und Bewerbung\",\"potentialAction\":[{\"@type\":\"SearchAction\",\"target\":{\"@type\":\"EntryPoint\",\"urlTemplate\":\"https:\\\/\\\/www.mbahelp.de\\\/?s={search_term_string}\"},\"query-input\":{\"@type\":\"PropertyValueSpecification\",\"valueRequired\":true,\"valueName\":\"search_term_string\"}}],\"inLanguage\":\"en-US\"}]}<\/script>\n<!-- \/ Yoast SEO plugin. -->","yoast_head_json":{"title":"GMAT Preparation - MBAhelp.de","robots":{"index":"index","follow":"follow","max-snippet":"max-snippet:-1","max-image-preview":"max-image-preview:large","max-video-preview":"max-video-preview:-1"},"canonical":"https:\/\/www.mbahelp.de\/en\/gmat\/gmat-preparation\/","og_locale":"en_US","og_type":"article","og_title":"GMAT Preparation - MBAhelp.de","og_description":"[vc_row css=&#8221;.vc_custom_1458145342228{margin-top: 48px !important;}&#8221;][vc_column width=&#8221;2\/3&#8243;][vc_column_text] GMAT Preparation &nbsp; If you would like to achieve the best results with your GMAT preparation then we recommend the MBAhelp GMAT courses. These will help you to increase your GMAT scores, thus getting you an important step closer to admission to universities and business schools. You can optimally prepare read full arcticle...","og_url":"https:\/\/www.mbahelp.de\/en\/gmat\/gmat-preparation\/","og_site_name":"MBAhelp.de","article_modified_time":"2016-11-25T11:24:02+00:00","twitter_card":"summary_large_image","twitter_misc":{"Est. reading time":"8 minutes"},"schema":{"@context":"https:\/\/schema.org","@graph":[{"@type":"WebPage","@id":"https:\/\/www.mbahelp.de\/en\/gmat\/gmat-preparation\/","url":"https:\/\/www.mbahelp.de\/en\/gmat\/gmat-preparation\/","name":"GMAT Preparation - MBAhelp.de","isPartOf":{"@id":"https:\/\/www.mbahelp.de\/#website"},"datePublished":"2015-10-13T08:35:19+00:00","dateModified":"2016-11-25T11:24:02+00:00","breadcrumb":{"@id":"https:\/\/www.mbahelp.de\/en\/gmat\/gmat-preparation\/#breadcrumb"},"inLanguage":"en-US","potentialAction":[{"@type":"ReadAction","target":["https:\/\/www.mbahelp.de\/en\/gmat\/gmat-preparation\/"]}]},{"@type":"BreadcrumbList","@id":"https:\/\/www.mbahelp.de\/en\/gmat\/gmat-preparation\/#breadcrumb","itemListElement":[{"@type":"ListItem","position":1,"name":"Startseite","item":"https:\/\/www.mbahelp.de\/en\/"},{"@type":"ListItem","position":2,"name":"GMAT","item":"https:\/\/www.mbahelp.de\/en\/gmat\/"},{"@type":"ListItem","position":3,"name":"GMAT Preparation"}]},{"@type":"WebSite","@id":"https:\/\/www.mbahelp.de\/#website","url":"https:\/\/www.mbahelp.de\/","name":"MBAhelp.de","description":"Top-Ergebnisse beim TOEFL, GMAT, GRE, SAT und Bewerbung","potentialAction":[{"@type":"SearchAction","target":{"@type":"EntryPoint","urlTemplate":"https:\/\/www.mbahelp.de\/?s={search_term_string}"},"query-input":{"@type":"PropertyValueSpecification","valueRequired":true,"valueName":"search_term_string"}}],"inLanguage":"en-US"}]}},"_links":{"self":[{"href":"https:\/\/www.mbahelp.de\/en\/wp-json\/wp\/v2\/pages\/789","targetHints":{"allow":["GET"]}}],"collection":[{"href":"https:\/\/www.mbahelp.de\/en\/wp-json\/wp\/v2\/pages"}],"about":[{"href":"https:\/\/www.mbahelp.de\/en\/wp-json\/wp\/v2\/types\/page"}],"author":[{"embeddable":true,"href":"https:\/\/www.mbahelp.de\/en\/wp-json\/wp\/v2\/users\/1"}],"replies":[{"embeddable":true,"href":"https:\/\/www.mbahelp.de\/en\/wp-json\/wp\/v2\/comments?post=789"}],"version-history":[{"count":3,"href":"https:\/\/www.mbahelp.de\/en\/wp-json\/wp\/v2\/pages\/789\/revisions"}],"predecessor-version":[{"id":928,"href":"https:\/\/www.mbahelp.de\/en\/wp-json\/wp\/v2\/pages\/789\/revisions\/928"}],"up":[{"embeddable":true,"href":"https:\/\/www.mbahelp.de\/en\/wp-json\/wp\/v2\/pages\/787"}],"wp:attachment":[{"href":"https:\/\/www.mbahelp.de\/en\/wp-json\/wp\/v2\/media?parent=789"}],"curies":[{"name":"wp","href":"https:\/\/api.w.org\/{rel}","templated":true}]}}